{"id":11,"date":"2016-12-29T15:14:06","date_gmt":"2016-12-29T15:14:06","guid":{"rendered":"http:\/\/deweme.nl\/restaurant\/?page_id=11"},"modified":"2025-11-21T10:40:04","modified_gmt":"2025-11-21T10:40:04","slug":"lunchgerechten","status":"publish","type":"page","link":"https:\/\/deweme.nl\/restaurant\/lunchgerechten\/","title":{"rendered":"Lunchgerechten"},"content":{"rendered":"<h3 style=\"text-align: left;\">Soepen<\/h3>\n<p><b>Mosterdsoep.<\/b> \u20ac 6,50<br \/>\nGebonden soep waarin gebakken spekjes, prei en room.<\/p>\n<p><b>Tomatensoep. <\/b>\u20ac 6,50<br \/>\nLicht gebonden soep waarin room en balletjes.<\/p>\n<p><b>Soep van de chef. <\/b>\u20ac 6,75<br \/>\nRegelmatig wisselende huisgemaakte soepen.<\/p>\n<p>&nbsp;<\/p>\n<h3 style=\"text-align: left;\">Koude en warme broodjes<\/h3>\n<p><b>Eiersalade. <\/b>\u20ac 11,75<br \/>\nMet radijs, komkommer en gemengde sla.<\/p>\n<p><b>Kip shoarma. <\/b>\u20ac 13,25<br \/>\nIn chili-olie gebakken kipreepjes op een bedje van rauwkost.<br \/>\nGeserveerd met knoflooksaus.<b> <\/b><\/p>\n<p><b>Vegatarische Italiano. <\/b>\u20ac 11,75<br \/>\nGemarineerde gegrilde Italiaanse groenten en rucola.<\/p>\n<p><b>Gerookte Noorse zalm. <\/b>\u20ac 14,75<br \/>\nMet een zachte saus van honingtijm, gemengde sla, komkommer en rode ui.<\/p>\n<p><b>Bal gehakt. <\/b>\u20ac 13,75<br \/>\nUit eigen keuken, los geserveerd met mosterd en mayonaise.<\/p>\n<p><b>Brie.\u00a0 <\/b>\u20ac 12,00<br \/>\nWarm geserveerd. Met vijgen chutney en walnoten, afgetopt met rucola.<\/p>\n<p><b>Carpaccio. <\/b>\u20ac 14,75<br \/>\nMet rucola, zontomaat<b>, <\/b>pijnboompitjes, grana padano flakes en een fijne pesto-mayonaise.<\/p>\n<p><b>Beenham. <\/b>\u20ac 12,50<br \/>\nKrokant gebakken ham met gemengde sla, gedroogde uitjes en honing-mosterdsaus.<\/p>\n<p><strong>Sat\u00e9<\/strong> \u20ac 14.25<br \/>\nGemarineerde stukjes varkenshaas met pindasaus en gedroogde uitjes.<\/p>\n<p style=\"text-align: left;\" align=\"CENTER\"><span style=\"font-size: medium;\"><b>Broodjes zijn te bestellen in wit of bruin<\/b><\/span><span style=\"font-size: medium;\">.<\/span><\/p>\n<p><span style=\"font-size: medium;\">.<\/span><\/p>\n<h3 style=\"text-align: left;\">Uitsmijters<\/h3>\n<p><strong>Ham of kaas<\/strong>. \u20ac 10,75<\/p>\n<p><strong>Ham en kaas<\/strong>. \u20ac 11,25<\/p>\n<p><strong>De Weme<\/strong>. \u20ac12,50<br \/>\nMet meegebakken ham en kaas en een bolletje salade.<\/p>\n<h3 style=\"text-align: left;\"><span style=\"font-size: medium;\"><b>Alle uitsmijters zijn met 3 eieren, rijkelijk belegd en te bestellen met wit of bruin brood.<\/b><\/span><\/h3>\n<h3 style=\"text-align: left;\">Omeletten<\/h3>\n<p><strong>Spek en kaas.<\/strong> \u20ac 12,25<br \/>\nMet gebakken spekreepjes en geraspte kaas.<\/p>\n<p><strong>Boeren.<\/strong> \u20ac 13,25<br \/>\nMet meegebakken spekjes, ui, champignons en prei.<\/p>\n<h3 style=\"text-align: left;\"><span style=\"font-size: medium;\"><b>Alle omeletten zijn met 3 eieren, rijkelijk gevuld en te bestellen met wit of bruin brood.<\/b><\/span><\/h3>\n<p>&nbsp;<\/p>\n<h3 style=\"text-align: left;\">Maaltijdsalades<\/h3>\n<p><strong>Vissalade.<\/strong> \u20ac 16,75<br \/>\nMet gerookte zalm, gerookte paling en gepelde rivierkreeftjes.<br \/>\nAangemaakt met rode ui en mosterd-dille dressing.<br \/>\nGeserveerd met sneetjes stokbrood en boter.<\/p>\n<p><b>Gietenkaas salade <\/b>\u20ac15,25<br \/>\nMet en saus van honingtijm, komkommer, zontomaat en walnoten.<\/p>\n<h3 style=\"text-align: left;\">Overige lunchgerechten<\/h3>\n<p><b>Warme vegetarische enchilada. <\/b> <b> <\/b>\u20ac 15,75<br \/>\nGevuld met rode kidneybonen, ui, paprika, mais, champignons en tomatensalsa.<br \/>\nGegratineerd met geraspte kaas en geserveerd met cr\u00e8me fra\u00eeche.<\/p>\n<p><b>Twaalf uurtje de Weme. <\/b>\u20ac 16,75<br \/>\nMet een mosterdsoepje, een broodje carpaccio en een rundvleeskroket op brood.<\/p>\n<p><b>Gamba\u2019s. <\/b>\u20ac 14,50<br \/>\nGebakken in tuinkruiden-knoflookolie. Geserveerd met sneetjes stokbrood en boter.<\/p>\n<p><b>Black Angusburger. <\/b>\u20ac 17,50<b><br \/>\n<\/b>Met buikspek, sla, jalape\u00f1os, rode ui, brie en pestomayonaise.<\/p>\n<p><b>2 Runder- of groenten kroketten. <\/b>\u20ac 12,75<br \/>\nMet mosterd en 2 sneetjes brood.<\/p>\n<p><b>Nacho&#8217;s <\/b>\u20ac 13,25<br \/>\nMet rode ui, paprika, kaas en jalape\u00f1os. Geserveerd met tapanade en cr\u00e8me fra\u00eeche.<\/p>\n<p><b>Plate sat\u00e9. <\/b>\u20ac 17,25<br \/>\nGemarineerde stukjes varkenshaas met pindasaus, gedroogde ui, rauwkost, frites en mayonaise.<\/p>\n<p><span style=\"font-size: medium;\">.\u00a0<\/span><\/p>\n<h3 style=\"text-align: left;\">Kindermenu&#8217;s<\/h3>\n<p><span style=\"font-size: medium;\"><b>F<\/b><\/span><b>rites met een snack. <\/b>\u20ac 8,75<br \/>\nKeuze uit: frikadel, kroket, kaasstengels of kipnuggets met appelmoes en mayonaise.<\/p>\n<p><b>Frites met vlees.<\/b>\u20ac 11,75<br \/>\nKeuze uit: sparerib of schnitzel met appelmoes en mayonaise.<b> <\/b><\/p>\n<p><b>Poffertjes. <\/b>\u20ac 7,75<b><br \/>\n<\/b>Geserveerd met stroop en poedersuiker.<\/p>\n<h3 style=\"text-align: left;\" align=\"CENTER\"><span style=\"font-size: medium;\">Kindermenu\u2019s worden uitsluitend geserveerd aan kinderen tot 14 jaar.<\/span><\/h3>\n<h2 style=\"text-align: left;\" align=\"CENTER\"><span style=\"font-size: large;\"><b>Onze lunchgerechten serveren wij dagelijks tot 17.00 uur.<\/b><\/span><\/h2>\n<h3 style=\"text-align: left;\">Nagerechten<\/h3>\n<p><b>Cr\u00e8me br\u00fbl\u00e9e. <\/b>\u20ac 9,75<b><br \/>\n<\/b>Afgebrand met rietsuiker. Met een bol vanille ijs en slagroom.<\/p>\n<p><b>Kaasplankje. <\/b>\u20ac 12,50<br \/>\nWisselende lekkere kazen van de Borgerder dinsdagmarkt.<\/p>\n<p><b>Kinderijsje. <\/b>\u20ac 5,25<b><br \/>\n<\/b>Kleine coupe met 2 bolletjes<b> <\/b>vanille ijs, vruchtensaus en slagroom.<\/p>\n<p><b>IJs coupes.<br \/>\n<\/b>Voor diverse soorten ijscoupes zie onze borrelkaart.<\/p>\n<h1 style=\"text-align: left;\" align=\"CENTER\"><span style=\"font-size: medium;\">Heeft U een dieet of allergie? Geef aan de bediening uw wensen door.<\/span><\/h1>\n<hr \/>\n<p style=\"text-align: left;\"><div class=\"su-button-center\"><a href=\"http:\/\/deweme.nl\/restaurant\/diner\/\" class=\"su-button su-button-style-default su-button-wide\" style=\"color:#e8dbab;background-color:#000000;border-color:#000000;border-radius:5px\" target=\"_self\"><span style=\"color:#e8dbab;padding:0px 16px;font-size:13px;line-height:26px;border-color:#4d4d4d;border-radius:5px;text-shadow:3px 3px 28px #000000\"> \u25ba Bekijk ook eens onze diner kaart<\/span><\/a><\/div>\n<p style=\"text-align: left;\"><div class=\"su-button-center\"><a href=\"http:\/\/deweme.nl\/restaurant\/contact\/\" class=\"su-button su-button-style-default su-button-wide\" style=\"color:#000000;background-color:#e8dbab;border-color:#bab089;border-radius:5px\" target=\"_self\"><span style=\"color:#000000;padding:6px 16px;font-size:13px;line-height:20px;border-color:#efe6c5;border-radius:5px;text-shadow:3px 3px 28px #000000\"><i class=\"sui sui-phone\" style=\"font-size:13px;color:#FFFFFF\"><\/i> \u25ba Neem contact met ons op.<\/span><\/a><\/div>\n","protected":false},"excerpt":{"rendered":"<p>Soepen Mosterdsoep. \u20ac 6,50 Gebonden soep waarin gebakken spekjes, prei en room. Tomatensoep. \u20ac 6,50 Licht gebonden soep waarin room en balletjes. Soep van de chef. \u20ac 6,75 Regelmatig wisselende huisgemaakte soepen. &nbsp; Koude en warme broodjes Eiersalade. \u20ac 11,75 Met radijs, komkommer en gemengde sla. Kip shoarma. \u20ac 13,25 In chili-olie gebakken kipreepjes op een bedje van rauwkost. Geserveerd met knoflooksaus. Vegatarische Italiano. \u20ac 11,75 Gemarineerde gegrilde Italiaanse groenten en rucola. Gerookte Noorse zalm. \u20ac 14,75 Met een zachte saus van honingtijm, gemengde sla, komkommer en rode ui. Bal gehakt. \u20ac 13,75 Uit eigen keuken, los geserveerd met mosterd&#8230; <\/p>\n","protected":false},"author":1,"featured_media":0,"parent":0,"menu_order":0,"comment_status":"closed","ping_status":"closed","template":"","meta":{"footnotes":""},"class_list":["post-11","page","type-page","status-publish","hentry"],"yoast_head":"<!-- This site is optimized with the Yoast SEO plugin v27.5 - https:\/\/yoast.com\/product\/yoast-seo-wordpress\/ -->\n<title>Heerlijke lunchgerechten bij Lunch &amp; Dinerroom de Weme te Borger<\/title>\n<meta name=\"description\" content=\"U kunt bij lunch en dinerroom de Weme kiezen uit diverse lunchgerechten, wat dacht u van een heerlijke maaltijdsalade met ossehaaspuntjes...... &gt; lees meer\" \/>\n<meta name=\"robots\" content=\"index, follow, max-snippet:-1, max-image-preview:large, max-video-preview:-1\" \/>\n<link rel=\"canonical\" href=\"https:\/\/deweme.nl\/restaurant\/lunchgerechten\/\" \/>\n<meta property=\"og:locale\" content=\"nl_NL\" \/>\n<meta property=\"og:type\" content=\"article\" \/>\n<meta property=\"og:title\" content=\"Heerlijke lunchgerechten bij Lunch &amp; Dinerroom de Weme te Borger\" \/>\n<meta property=\"og:description\" content=\"U kunt bij lunch en dinerroom de Weme kiezen uit diverse lunchgerechten, wat dacht u van een heerlijke maaltijdsalade met ossehaaspuntjes...... &gt; lees meer\" \/>\n<meta property=\"og:url\" content=\"https:\/\/deweme.nl\/restaurant\/lunchgerechten\/\" \/>\n<meta property=\"og:site_name\" content=\"De Weme\" \/>\n<meta property=\"article:publisher\" content=\"https:\/\/www.facebook.com\/De-Weme-1621510724747456\/\" \/>\n<meta property=\"article:modified_time\" content=\"2025-11-21T10:40:04+00:00\" \/>\n<meta name=\"twitter:card\" content=\"summary_large_image\" \/>\n<meta name=\"twitter:label1\" content=\"Geschatte leestijd\" \/>\n\t<meta name=\"twitter:data1\" content=\"3 minuten\" \/>\n<script type=\"application\/ld+json\" class=\"yoast-schema-graph\">{\"@context\":\"https:\\\/\\\/schema.org\",\"@graph\":[{\"@type\":\"WebPage\",\"@id\":\"https:\\\/\\\/deweme.nl\\\/restaurant\\\/lunchgerechten\\\/\",\"url\":\"https:\\\/\\\/deweme.nl\\\/restaurant\\\/lunchgerechten\\\/\",\"name\":\"Heerlijke lunchgerechten bij Lunch & Dinerroom de Weme te Borger\",\"isPartOf\":{\"@id\":\"https:\\\/\\\/deweme.nl\\\/restaurant\\\/#website\"},\"datePublished\":\"2016-12-29T15:14:06+00:00\",\"dateModified\":\"2025-11-21T10:40:04+00:00\",\"description\":\"U kunt bij lunch en dinerroom de Weme kiezen uit diverse lunchgerechten, wat dacht u van een heerlijke maaltijdsalade met ossehaaspuntjes...... > lees meer\",\"breadcrumb\":{\"@id\":\"https:\\\/\\\/deweme.nl\\\/restaurant\\\/lunchgerechten\\\/#breadcrumb\"},\"inLanguage\":\"nl-NL\",\"potentialAction\":[{\"@type\":\"ReadAction\",\"target\":[\"https:\\\/\\\/deweme.nl\\\/restaurant\\\/lunchgerechten\\\/\"]}]},{\"@type\":\"BreadcrumbList\",\"@id\":\"https:\\\/\\\/deweme.nl\\\/restaurant\\\/lunchgerechten\\\/#breadcrumb\",\"itemListElement\":[{\"@type\":\"ListItem\",\"position\":1,\"name\":\"Home\",\"item\":\"https:\\\/\\\/deweme.nl\\\/restaurant\\\/\"},{\"@type\":\"ListItem\",\"position\":2,\"name\":\"Lunchgerechten\"}]},{\"@type\":\"WebSite\",\"@id\":\"https:\\\/\\\/deweme.nl\\\/restaurant\\\/#website\",\"url\":\"https:\\\/\\\/deweme.nl\\\/restaurant\\\/\",\"name\":\"De Weme\",\"description\":\"\",\"publisher\":{\"@id\":\"https:\\\/\\\/deweme.nl\\\/restaurant\\\/#organization\"},\"potentialAction\":[{\"@type\":\"SearchAction\",\"target\":{\"@type\":\"EntryPoint\",\"urlTemplate\":\"https:\\\/\\\/deweme.nl\\\/restaurant\\\/?s={search_term_string}\"},\"query-input\":{\"@type\":\"PropertyValueSpecification\",\"valueRequired\":true,\"valueName\":\"search_term_string\"}}],\"inLanguage\":\"nl-NL\"},{\"@type\":\"Organization\",\"@id\":\"https:\\\/\\\/deweme.nl\\\/restaurant\\\/#organization\",\"name\":\"Restaurant de Weme\",\"url\":\"https:\\\/\\\/deweme.nl\\\/restaurant\\\/\",\"logo\":{\"@type\":\"ImageObject\",\"inLanguage\":\"nl-NL\",\"@id\":\"https:\\\/\\\/deweme.nl\\\/restaurant\\\/#\\\/schema\\\/logo\\\/image\\\/\",\"url\":\"https:\\\/\\\/deweme.nl\\\/restaurant\\\/wp-content\\\/uploads\\\/2016\\\/12\\\/De-Weme-Logo.jpg\",\"contentUrl\":\"https:\\\/\\\/deweme.nl\\\/restaurant\\\/wp-content\\\/uploads\\\/2016\\\/12\\\/De-Weme-Logo.jpg\",\"width\":480,\"height\":480,\"caption\":\"Restaurant de Weme\"},\"image\":{\"@id\":\"https:\\\/\\\/deweme.nl\\\/restaurant\\\/#\\\/schema\\\/logo\\\/image\\\/\"},\"sameAs\":[\"https:\\\/\\\/www.facebook.com\\\/De-Weme-1621510724747456\\\/\"]}]}<\/script>\n<!-- \/ Yoast SEO plugin. -->","yoast_head_json":{"title":"Heerlijke lunchgerechten bij Lunch & Dinerroom de Weme te Borger","description":"U kunt bij lunch en dinerroom de Weme kiezen uit diverse lunchgerechten, wat dacht u van een heerlijke maaltijdsalade met ossehaaspuntjes...... > lees meer","robots":{"index":"index","follow":"follow","max-snippet":"max-snippet:-1","max-image-preview":"max-image-preview:large","max-video-preview":"max-video-preview:-1"},"canonical":"https:\/\/deweme.nl\/restaurant\/lunchgerechten\/","og_locale":"nl_NL","og_type":"article","og_title":"Heerlijke lunchgerechten bij Lunch & Dinerroom de Weme te Borger","og_description":"U kunt bij lunch en dinerroom de Weme kiezen uit diverse lunchgerechten, wat dacht u van een heerlijke maaltijdsalade met ossehaaspuntjes...... > lees meer","og_url":"https:\/\/deweme.nl\/restaurant\/lunchgerechten\/","og_site_name":"De Weme","article_publisher":"https:\/\/www.facebook.com\/De-Weme-1621510724747456\/","article_modified_time":"2025-11-21T10:40:04+00:00","twitter_card":"summary_large_image","twitter_misc":{"Geschatte leestijd":"3 minuten"},"schema":{"@context":"https:\/\/schema.org","@graph":[{"@type":"WebPage","@id":"https:\/\/deweme.nl\/restaurant\/lunchgerechten\/","url":"https:\/\/deweme.nl\/restaurant\/lunchgerechten\/","name":"Heerlijke lunchgerechten bij Lunch & Dinerroom de Weme te Borger","isPartOf":{"@id":"https:\/\/deweme.nl\/restaurant\/#website"},"datePublished":"2016-12-29T15:14:06+00:00","dateModified":"2025-11-21T10:40:04+00:00","description":"U kunt bij lunch en dinerroom de Weme kiezen uit diverse lunchgerechten, wat dacht u van een heerlijke maaltijdsalade met ossehaaspuntjes...... > lees meer","breadcrumb":{"@id":"https:\/\/deweme.nl\/restaurant\/lunchgerechten\/#breadcrumb"},"inLanguage":"nl-NL","potentialAction":[{"@type":"ReadAction","target":["https:\/\/deweme.nl\/restaurant\/lunchgerechten\/"]}]},{"@type":"BreadcrumbList","@id":"https:\/\/deweme.nl\/restaurant\/lunchgerechten\/#breadcrumb","itemListElement":[{"@type":"ListItem","position":1,"name":"Home","item":"https:\/\/deweme.nl\/restaurant\/"},{"@type":"ListItem","position":2,"name":"Lunchgerechten"}]},{"@type":"WebSite","@id":"https:\/\/deweme.nl\/restaurant\/#website","url":"https:\/\/deweme.nl\/restaurant\/","name":"De Weme","description":"","publisher":{"@id":"https:\/\/deweme.nl\/restaurant\/#organization"},"potentialAction":[{"@type":"SearchAction","target":{"@type":"EntryPoint","urlTemplate":"https:\/\/deweme.nl\/restaurant\/?s={search_term_string}"},"query-input":{"@type":"PropertyValueSpecification","valueRequired":true,"valueName":"search_term_string"}}],"inLanguage":"nl-NL"},{"@type":"Organization","@id":"https:\/\/deweme.nl\/restaurant\/#organization","name":"Restaurant de Weme","url":"https:\/\/deweme.nl\/restaurant\/","logo":{"@type":"ImageObject","inLanguage":"nl-NL","@id":"https:\/\/deweme.nl\/restaurant\/#\/schema\/logo\/image\/","url":"https:\/\/deweme.nl\/restaurant\/wp-content\/uploads\/2016\/12\/De-Weme-Logo.jpg","contentUrl":"https:\/\/deweme.nl\/restaurant\/wp-content\/uploads\/2016\/12\/De-Weme-Logo.jpg","width":480,"height":480,"caption":"Restaurant de Weme"},"image":{"@id":"https:\/\/deweme.nl\/restaurant\/#\/schema\/logo\/image\/"},"sameAs":["https:\/\/www.facebook.com\/De-Weme-1621510724747456\/"]}]}},"_links":{"self":[{"href":"https:\/\/deweme.nl\/restaurant\/wp-json\/wp\/v2\/pages\/11","targetHints":{"allow":["GET"]}}],"collection":[{"href":"https:\/\/deweme.nl\/restaurant\/wp-json\/wp\/v2\/pages"}],"about":[{"href":"https:\/\/deweme.nl\/restaurant\/wp-json\/wp\/v2\/types\/page"}],"author":[{"embeddable":true,"href":"https:\/\/deweme.nl\/restaurant\/wp-json\/wp\/v2\/users\/1"}],"replies":[{"embeddable":true,"href":"https:\/\/deweme.nl\/restaurant\/wp-json\/wp\/v2\/comments?post=11"}],"version-history":[{"count":7,"href":"https:\/\/deweme.nl\/restaurant\/wp-json\/wp\/v2\/pages\/11\/revisions"}],"predecessor-version":[{"id":578,"href":"https:\/\/deweme.nl\/restaurant\/wp-json\/wp\/v2\/pages\/11\/revisions\/578"}],"wp:attachment":[{"href":"https:\/\/deweme.nl\/restaurant\/wp-json\/wp\/v2\/media?parent=11"}],"curies":[{"name":"wp","href":"https:\/\/api.w.org\/{rel}","templated":true}]}}