{"id":14,"date":"2016-12-29T15:14:44","date_gmt":"2016-12-29T15:14:44","guid":{"rendered":"http:\/\/deweme.nl\/restaurant\/?page_id=14"},"modified":"2025-11-21T10:13:31","modified_gmt":"2025-11-21T10:13:31","slug":"dineren","status":"publish","type":"page","link":"https:\/\/deweme.nl\/restaurant\/dineren\/","title":{"rendered":"Diner"},"content":{"rendered":"<h3 style=\"text-align: center;\">Voorgerechten<\/h3>\n<p class=\"western\" style=\"text-align: center;\" align=\"LEFT\"><span style=\"color: #525150;\"><strong>Carpaccio. <\/strong>\u20ac 15,25<br \/>\nDun gesneden, gemarineerde ossenhaas met pesto mayonaise, geroosterde pijnboompitjes,<br \/>\nzongedroogde tomaten, rucola sla en grana padano flakes..<\/span><\/p>\n<p style=\"text-align: center;\"><strong>Serranoham rouleau.<\/strong> <span style=\"font-size: medium;\">\u20ac 13,50<b><br \/>\n<\/b>Gevuld met geiten roomkaas, vijgen chutney en notencrunch.<\/span><\/p>\n<p style=\"text-align: center;\"><strong>Trio van vis. <\/strong>\u20ac 15,75<br \/>\nRoyale schotel van gerookte zalm, gerookte paling en gepelde rivierkreeftjes.<br \/>\nGeserveerd met romige mosterd-dille dressing, sneetjes stokbrood en bater.<\/p>\n<p style=\"text-align: center;\"><strong>Bieten carpaccio. <\/strong>\u20ac 13,75<strong><br \/>\n<\/strong>Met brie, rucola, radijs, notencrunch en een stroop van appel.<strong><br \/>\n<\/strong><\/p>\n<hr \/>\n<h3 style=\"text-align: center;\">Soepen<\/h3>\n<p style=\"text-align: center;\"><strong>Mosterdsoep.<\/strong> \u20ac 6.50<br \/>\nGebonden soep waarin gebakken spekjes, prei en room.<\/p>\n<p style=\"text-align: center;\"><strong>Tomatensoep.<\/strong> \u20ac 6,00<br \/>\nLicht gebonden soep waarin room en balletjes.<br \/>\nGebonden soep waarin gebakken spekjes, prei en room.<\/p>\n<p style=\"text-align: center;\"><strong>Soep van de chef.<\/strong> \u20ac 6,75<br \/>\nRegelmatig wisselende huisgemaakte soepen.<\/p>\n<hr \/>\n<p align=\"CENTER\"><span style=\"font-size: large;\"><b>Warme voorgerechten.<\/b><\/span><\/p>\n<p style=\"text-align: center;\"><strong>Chicken wings.<\/strong> \u20ac 14,25<br \/>\nGemarineerde kippenvleugels. Met knoflook- en chilisaus dip.<\/p>\n<p style=\"text-align: center;\"><strong>Gamba\u2019s.<\/strong> \u20ac 13,75<br \/>\nGebakken in tuinkruiden-knoflookolie.<br \/>\nGeserveerd met sneetjes stokbrood en boter.<\/p>\n<p style=\"text-align: center;\"><strong>Falafel Fiesta.<\/strong> \u20ac 12,25<br \/>\nVegetarische snack. Geserveerd met yoghurtdressing.<\/p>\n<p style=\"text-align: center;\"><strong>Broodplankje.<\/strong> \u20ac 9,25<br \/>\nBreekbrood plankje met huisgemaakte kruidenboter, tapenade en alioli.<\/p>\n<p style=\"text-align: center;\"><strong>Diamanthaasjes.<\/strong> \u20ac 14.25<br \/>\nMet rode portsaus en gedroogde uitjes, afgetopt met rucola.<\/p>\n<h6 align=\"CENTER\"><span style=\"font-size: medium;\"><b>Heeft U een dieet of allergie? Geef aan de bediening uw wensen door.<\/b><\/span><\/h6>\n<hr \/>\n<h3 style=\"text-align: center;\">Hoofdgerechten vlees<\/h3>\n<p style=\"text-align: center;\"><strong>Tournedos.<\/strong> \u20ac 34,25<br \/>\nBiefstuk van de haas ( 200 gram ) met naar keuze pepersaus, champignonsaus,<br \/>\nj\u00e4gersaus of rode portsaus.<\/p>\n<p style=\"text-align: center;\"><strong>Kalfs ribeye.<\/strong> \u20ac 29,75<br \/>\nRose gebakken. Geserveerd met gamba&#8217;s en kruidenboter.<\/p>\n<p style=\"text-align: center;\"><strong>Spareribs.<\/strong> \u20ac 25,75<br \/>\nKeuze uit BBQ of pittig. Geserveerd met knoflooksaus en chilisaus.<\/p>\n<p style=\"text-align: center;\"><strong>Kipfilet.<\/strong> \u20ac 26.75<br \/>\nOmwikkelt met spek, gevuld met brie. Geserveerd met een honingtijm dip.<\/p>\n<p style=\"text-align: center;\"><strong>Schnitzel.<\/strong> \u20ac 23,50<br \/>\nNaar keuze met pepersaus, champignonsaus, jagersaus of rode portsaus.<\/p>\n<p style=\"text-align: center;\"><strong>Varkenshaas.<\/strong> \u20ac 28,50<br \/>\nNaar keuze met pepersaus, champignonsaus, jagersaus of rode portsaus.<\/p>\n<p style=\"text-align: center;\"><strong>Stoverij van Rund.<\/strong> \u20ac 25,75<br \/>\nRoyaal gevuld stoofpotje van Drents weidevlees en bijpassende garnituren.<\/p>\n<p style=\"text-align: center;\"><strong>Sate.<\/strong> \u20ac 24,25<br \/>\nGemarineerde stukjes varkenshaas met pindasaus en gedroogde uitjes.<\/p>\n<hr \/>\n<h3 style=\"text-align: center;\">Hoofdgerechten Vis<\/h3>\n<p style=\"text-align: center;\"><b>Zalm. <\/b> \u20ac 26.25<br \/>\nIn de oven gegaarde zalmfilet zonder huid met hollandaisesaus.<\/p>\n<p style=\"text-align: center;\"><b>Keuze van de chef. <\/b>Dagprijs.<b><br \/>\n<\/b>Regelmatig wisselend aanbod van vis.<\/p>\n<hr \/>\n<h3 style=\"text-align: center;\">Hoofdgerechten Vegetarisch<\/h3>\n<p style=\"text-align: center;\"><strong>Groente quiche.<\/strong> \u20ac 22,50<br \/>\nBladerdeegtaart gevuld met spinazie, geitenkaas, champignons, ui en walnoten.<\/p>\n<p style=\"text-align: center;\"><b>Enchilada. <\/b> \u20ac 22,50<br \/>\nGevuld met rode kidney bonen, tomaat, ui, paprika, mais, champignons en<br \/>\ntomatensalsa. Gegratineerd met kaas en geserveerd met cr\u00e8me fra\u00eeche.<\/p>\n<p style=\"text-align: center;\"><b>Thaise cashewcurry. <\/b>\u20ac 21,75<br \/>\nPikante curry met wokgroenten en cashewnoten. Geserveerd met rijst.<\/p>\n<p style=\"text-align: center;\"><b>Goudse kaas. <\/b> \u20ac 21,75<br \/>\nGepaneerd en krokant gebakken kaas.<br \/>\nNaar keuze met champignonsaus, pepersaus, j\u00e4gersaus of rode portsaus.<\/p>\n<p style=\"text-align: center;\"><strong>Vegetarische schnitzel.<\/strong> \u20ac 21,25<br \/>\nOp basis van soja en tarwe eiwit. Naar keuze met champignonsaus, pepersaus, jagersaus of rode portsaus.<\/p>\n<h6 style=\"text-align: center;\"><em>*Bovenstaande hoofdgerechten worden geserveerd met aardappel- en groenten garnituren en mayonaise.<\/em><\/h6>\n<hr \/>\n<h3 style=\"text-align: center;\">Kindermenu&#8217;s<\/h3>\n<p style=\"text-align: center;\"><b>Frites met een snack. <\/b> \u20ac 8,75<br \/>\nKeuze uit: frikadel, kroket, kaasstengels of kipnuggets.<br \/>\nGeserveerd met appelmoes en mayonaise.<\/p>\n<p style=\"text-align: center;\"><b>Frites met vlees of vis.<\/b> \u20ac 11,75<br \/>\nKeuze uit: sparerib of schnitzel.<br \/>\nGeserveerd met appelmoes en mayonaise.<\/p>\n<p style=\"text-align: center;\"><b>Poffertjes. <\/b> \u20ac 7,75<br \/>\nGeserveerd met stroop en poedersuiker.<span style=\"font-size: medium;\">.<\/span><\/p>\n<h6 style=\"text-align: center;\">Kindermenu&#8217;s worden uitsluitend geserveerd aan kinderen tot 14 jaar.<\/h6>\n<hr \/>\n<h3 style=\"text-align: center;\">Nagerechten<\/h3>\n<p style=\"text-align: center;\"><strong>Pistache stick.<\/strong> \u20ac 13,25<br \/>\nGeserveerd met een bol Ferrero Rocher ijs en slagroom.<\/p>\n<p style=\"text-align: center;\"><strong>Brownie.<\/strong> \u20ac 12,75<br \/>\nGeserveerd met een bol witte chocolade ijs en slagroom.<\/p>\n<p style=\"text-align: center;\"><strong>Hazelnootschuim ijstaartje<\/strong>. \u20ac 12,75<br \/>\nEen luchtig taartje van hazelnoot roomijs, meringue schuim en omhuld door chocolade.<\/p>\n<p style=\"text-align: center;\"><strong>Cr\u00e8me br\u00fbl\u00e9e<\/strong>. \u20ac 9,75<br \/>\nAfgebrand met rietsuiker. Met een bol vanille ijs en slagroom.<\/p>\n<p style=\"text-align: center;\"><strong>Kaasplankje<\/strong>. \u20ac 12,50<br \/>\nWisselende lekkere kazen van de Borgerder dinsdagmarkt.<\/p>\n<p style=\"text-align: center;\"><strong>Kinderijsje.<\/strong> \u20ac 5,25<br \/>\nKleine coupe met 2 bolletjes vanille ijs, vruchtensaus en slagroom.<\/p>\n<p style=\"text-align: center;\"><strong>IJs coupes.<\/strong><br \/>\nVoor diverse soorten ijs coupes zie onze borrelkaart.<\/p>\n<hr \/>\n<h3 style=\"text-align: center;\">\u00d3\u00f3k lekker na uw diner:<\/h3>\n<p style=\"text-align: center;\"><span style=\"font-size: medium;\"><b>Irish koffie.<\/b><\/span><span style=\"font-size: medium;\"><br \/>\n<\/span><span style=\"font-size: medium;\"><b>Kiss of fire koffie.<\/b><\/span><span style=\"font-size: medium;\"><br \/>\n<\/span><span style=\"font-size: medium;\"><b>Spanish koffie.<\/b><\/span><span style=\"font-size: medium;\"><br \/>\n<\/span><span style=\"font-size: medium;\"><b>Drentse koffie.<\/b><\/span><span style=\"font-size: medium;\"><br \/>\n<\/span><span style=\"font-size: medium;\"><b>French koffie.<\/b><\/span><span style=\"font-size: medium;\"><br \/>\n<\/span><span style=\"font-size: medium;\"><b>Borgerder leut.<\/b><\/span><span style=\"font-size: medium;\"><br \/>\n<\/span><span style=\"font-size: medium;\"><b>Italian koffie.<\/b><\/span><span style=\"font-size: medium;\"><br \/>\n<\/span><span style=\"font-size: medium;\"><b>Wiener melange.<\/b><\/span><span style=\"font-size: medium;\"><br \/>\n<\/span><span style=\"font-size: medium;\"><b>Jamaican koffie.<\/b><\/span><\/p>\n<p style=\"text-align: center;\"><span style=\"font-size: medium;\">\u00a0<\/span><\/p>\n<h6 style=\"text-align: center;\">Heeft u een dieet of allergie? Geef aan de bediening uw wensen door.<\/h6>\n<hr \/>\n<div class=\"su-button-center\"><a href=\"http:\/\/deweme.nl\/restaurant\/lunchgerechten\/\" class=\"su-button su-button-style-default su-button-wide\" style=\"color:#e8dbab;background-color:#000000;border-color:#000000;border-radius:5px\" target=\"_self\"><span style=\"color:#e8dbab;padding:0px 16px;font-size:13px;line-height:26px;border-color:#4d4d4d;border-radius:5px;text-shadow:3px 3px 28px #000000\"> \u25ba Bekijk ook eens onze lunch gerechten<\/span><\/a><\/div>\n<div class=\"su-button-center\"><a href=\"http:\/\/deweme.nl\/restaurant\/contact\/\" class=\"su-button su-button-style-default su-button-wide\" style=\"color:#000000;background-color:#e8dbab;border-color:#bab089;border-radius:5px\" target=\"_self\"><span style=\"color:#000000;padding:6px 16px;font-size:13px;line-height:20px;border-color:#efe6c5;border-radius:5px;text-shadow:3px 3px 28px #000000\"><i class=\"sui sui-phone\" style=\"font-size:13px;color:#FFFFFF\"><\/i> \u25ba Neem contact met ons op.<\/span><\/a><\/div>\n","protected":false},"excerpt":{"rendered":"<p>Voorgerechten Carpaccio. \u20ac 15,25 Dun gesneden, gemarineerde ossenhaas met pesto mayonaise, geroosterde pijnboompitjes, zongedroogde tomaten, rucola sla en grana padano flakes.. Serranoham rouleau. \u20ac 13,50 Gevuld met geiten roomkaas, vijgen chutney en notencrunch. Trio van vis. \u20ac 15,75 Royale schotel van gerookte zalm, gerookte paling en gepelde rivierkreeftjes. Geserveerd met romige mosterd-dille dressing, sneetjes stokbrood en bater. Bieten carpaccio. \u20ac 13,75 Met brie, rucola, radijs, notencrunch en een stroop van appel. Soepen Mosterdsoep. \u20ac 6.50 Gebonden soep waarin gebakken spekjes, prei en room. Tomatensoep. \u20ac 6,00 Licht gebonden soep waarin room en balletjes. Gebonden soep waarin gebakken spekjes, prei en&#8230; <\/p>\n","protected":false},"author":1,"featured_media":0,"parent":0,"menu_order":0,"comment_status":"closed","ping_status":"closed","template":"","meta":{"footnotes":""},"class_list":["post-14","page","type-page","status-publish","hentry"],"yoast_head":"<!-- This site is optimized with the Yoast SEO plugin v27.5 - https:\/\/yoast.com\/product\/yoast-seo-wordpress\/ -->\n<title>Heerlijk dineren met vrienden of familie<\/title>\n<meta name=\"description\" content=\"Lekker dineren in een relaxte sfeer? Dat kan bij Restaurant de Weme te Borger, Keuze uit diverse heerlijke voor-hoofd en na....\" \/>\n<meta name=\"robots\" content=\"index, follow, max-snippet:-1, max-image-preview:large, max-video-preview:-1\" \/>\n<link rel=\"canonical\" href=\"https:\/\/deweme.nl\/restaurant\/dineren\/\" \/>\n<meta property=\"og:locale\" content=\"nl_NL\" \/>\n<meta property=\"og:type\" content=\"article\" \/>\n<meta property=\"og:title\" content=\"Heerlijk dineren met vrienden of familie\" \/>\n<meta property=\"og:description\" content=\"Lekker dineren in een relaxte sfeer? Dat kan bij Restaurant de Weme te Borger, Keuze uit diverse heerlijke voor-hoofd en na....\" \/>\n<meta property=\"og:url\" content=\"https:\/\/deweme.nl\/restaurant\/dineren\/\" \/>\n<meta property=\"og:site_name\" content=\"De Weme\" \/>\n<meta property=\"article:publisher\" content=\"https:\/\/www.facebook.com\/De-Weme-1621510724747456\/\" \/>\n<meta property=\"article:modified_time\" content=\"2025-11-21T10:13:31+00:00\" \/>\n<meta name=\"twitter:card\" content=\"summary_large_image\" \/>\n<meta name=\"twitter:label1\" content=\"Geschatte leestijd\" \/>\n\t<meta name=\"twitter:data1\" content=\"4 minuten\" \/>\n<script type=\"application\/ld+json\" class=\"yoast-schema-graph\">{\"@context\":\"https:\\\/\\\/schema.org\",\"@graph\":[{\"@type\":\"WebPage\",\"@id\":\"https:\\\/\\\/deweme.nl\\\/restaurant\\\/dineren\\\/\",\"url\":\"https:\\\/\\\/deweme.nl\\\/restaurant\\\/dineren\\\/\",\"name\":\"Heerlijk dineren met vrienden of familie\",\"isPartOf\":{\"@id\":\"https:\\\/\\\/deweme.nl\\\/restaurant\\\/#website\"},\"datePublished\":\"2016-12-29T15:14:44+00:00\",\"dateModified\":\"2025-11-21T10:13:31+00:00\",\"description\":\"Lekker dineren in een relaxte sfeer? Dat kan bij Restaurant de Weme te Borger, Keuze uit diverse heerlijke voor-hoofd en na....\",\"breadcrumb\":{\"@id\":\"https:\\\/\\\/deweme.nl\\\/restaurant\\\/dineren\\\/#breadcrumb\"},\"inLanguage\":\"nl-NL\",\"potentialAction\":[{\"@type\":\"ReadAction\",\"target\":[\"https:\\\/\\\/deweme.nl\\\/restaurant\\\/dineren\\\/\"]}]},{\"@type\":\"BreadcrumbList\",\"@id\":\"https:\\\/\\\/deweme.nl\\\/restaurant\\\/dineren\\\/#breadcrumb\",\"itemListElement\":[{\"@type\":\"ListItem\",\"position\":1,\"name\":\"Home\",\"item\":\"https:\\\/\\\/deweme.nl\\\/restaurant\\\/\"},{\"@type\":\"ListItem\",\"position\":2,\"name\":\"Diner\"}]},{\"@type\":\"WebSite\",\"@id\":\"https:\\\/\\\/deweme.nl\\\/restaurant\\\/#website\",\"url\":\"https:\\\/\\\/deweme.nl\\\/restaurant\\\/\",\"name\":\"De Weme\",\"description\":\"\",\"publisher\":{\"@id\":\"https:\\\/\\\/deweme.nl\\\/restaurant\\\/#organization\"},\"potentialAction\":[{\"@type\":\"SearchAction\",\"target\":{\"@type\":\"EntryPoint\",\"urlTemplate\":\"https:\\\/\\\/deweme.nl\\\/restaurant\\\/?s={search_term_string}\"},\"query-input\":{\"@type\":\"PropertyValueSpecification\",\"valueRequired\":true,\"valueName\":\"search_term_string\"}}],\"inLanguage\":\"nl-NL\"},{\"@type\":\"Organization\",\"@id\":\"https:\\\/\\\/deweme.nl\\\/restaurant\\\/#organization\",\"name\":\"Restaurant de Weme\",\"url\":\"https:\\\/\\\/deweme.nl\\\/restaurant\\\/\",\"logo\":{\"@type\":\"ImageObject\",\"inLanguage\":\"nl-NL\",\"@id\":\"https:\\\/\\\/deweme.nl\\\/restaurant\\\/#\\\/schema\\\/logo\\\/image\\\/\",\"url\":\"https:\\\/\\\/deweme.nl\\\/restaurant\\\/wp-content\\\/uploads\\\/2016\\\/12\\\/De-Weme-Logo.jpg\",\"contentUrl\":\"https:\\\/\\\/deweme.nl\\\/restaurant\\\/wp-content\\\/uploads\\\/2016\\\/12\\\/De-Weme-Logo.jpg\",\"width\":480,\"height\":480,\"caption\":\"Restaurant de Weme\"},\"image\":{\"@id\":\"https:\\\/\\\/deweme.nl\\\/restaurant\\\/#\\\/schema\\\/logo\\\/image\\\/\"},\"sameAs\":[\"https:\\\/\\\/www.facebook.com\\\/De-Weme-1621510724747456\\\/\"]}]}<\/script>\n<!-- \/ Yoast SEO plugin. -->","yoast_head_json":{"title":"Heerlijk dineren met vrienden of familie","description":"Lekker dineren in een relaxte sfeer? Dat kan bij Restaurant de Weme te Borger, Keuze uit diverse heerlijke voor-hoofd en na....","robots":{"index":"index","follow":"follow","max-snippet":"max-snippet:-1","max-image-preview":"max-image-preview:large","max-video-preview":"max-video-preview:-1"},"canonical":"https:\/\/deweme.nl\/restaurant\/dineren\/","og_locale":"nl_NL","og_type":"article","og_title":"Heerlijk dineren met vrienden of familie","og_description":"Lekker dineren in een relaxte sfeer? Dat kan bij Restaurant de Weme te Borger, Keuze uit diverse heerlijke voor-hoofd en na....","og_url":"https:\/\/deweme.nl\/restaurant\/dineren\/","og_site_name":"De Weme","article_publisher":"https:\/\/www.facebook.com\/De-Weme-1621510724747456\/","article_modified_time":"2025-11-21T10:13:31+00:00","twitter_card":"summary_large_image","twitter_misc":{"Geschatte leestijd":"4 minuten"},"schema":{"@context":"https:\/\/schema.org","@graph":[{"@type":"WebPage","@id":"https:\/\/deweme.nl\/restaurant\/dineren\/","url":"https:\/\/deweme.nl\/restaurant\/dineren\/","name":"Heerlijk dineren met vrienden of familie","isPartOf":{"@id":"https:\/\/deweme.nl\/restaurant\/#website"},"datePublished":"2016-12-29T15:14:44+00:00","dateModified":"2025-11-21T10:13:31+00:00","description":"Lekker dineren in een relaxte sfeer? Dat kan bij Restaurant de Weme te Borger, Keuze uit diverse heerlijke voor-hoofd en na....","breadcrumb":{"@id":"https:\/\/deweme.nl\/restaurant\/dineren\/#breadcrumb"},"inLanguage":"nl-NL","potentialAction":[{"@type":"ReadAction","target":["https:\/\/deweme.nl\/restaurant\/dineren\/"]}]},{"@type":"BreadcrumbList","@id":"https:\/\/deweme.nl\/restaurant\/dineren\/#breadcrumb","itemListElement":[{"@type":"ListItem","position":1,"name":"Home","item":"https:\/\/deweme.nl\/restaurant\/"},{"@type":"ListItem","position":2,"name":"Diner"}]},{"@type":"WebSite","@id":"https:\/\/deweme.nl\/restaurant\/#website","url":"https:\/\/deweme.nl\/restaurant\/","name":"De Weme","description":"","publisher":{"@id":"https:\/\/deweme.nl\/restaurant\/#organization"},"potentialAction":[{"@type":"SearchAction","target":{"@type":"EntryPoint","urlTemplate":"https:\/\/deweme.nl\/restaurant\/?s={search_term_string}"},"query-input":{"@type":"PropertyValueSpecification","valueRequired":true,"valueName":"search_term_string"}}],"inLanguage":"nl-NL"},{"@type":"Organization","@id":"https:\/\/deweme.nl\/restaurant\/#organization","name":"Restaurant de Weme","url":"https:\/\/deweme.nl\/restaurant\/","logo":{"@type":"ImageObject","inLanguage":"nl-NL","@id":"https:\/\/deweme.nl\/restaurant\/#\/schema\/logo\/image\/","url":"https:\/\/deweme.nl\/restaurant\/wp-content\/uploads\/2016\/12\/De-Weme-Logo.jpg","contentUrl":"https:\/\/deweme.nl\/restaurant\/wp-content\/uploads\/2016\/12\/De-Weme-Logo.jpg","width":480,"height":480,"caption":"Restaurant de Weme"},"image":{"@id":"https:\/\/deweme.nl\/restaurant\/#\/schema\/logo\/image\/"},"sameAs":["https:\/\/www.facebook.com\/De-Weme-1621510724747456\/"]}]}},"_links":{"self":[{"href":"https:\/\/deweme.nl\/restaurant\/wp-json\/wp\/v2\/pages\/14","targetHints":{"allow":["GET"]}}],"collection":[{"href":"https:\/\/deweme.nl\/restaurant\/wp-json\/wp\/v2\/pages"}],"about":[{"href":"https:\/\/deweme.nl\/restaurant\/wp-json\/wp\/v2\/types\/page"}],"author":[{"embeddable":true,"href":"https:\/\/deweme.nl\/restaurant\/wp-json\/wp\/v2\/users\/1"}],"replies":[{"embeddable":true,"href":"https:\/\/deweme.nl\/restaurant\/wp-json\/wp\/v2\/comments?post=14"}],"version-history":[{"count":16,"href":"https:\/\/deweme.nl\/restaurant\/wp-json\/wp\/v2\/pages\/14\/revisions"}],"predecessor-version":[{"id":573,"href":"https:\/\/deweme.nl\/restaurant\/wp-json\/wp\/v2\/pages\/14\/revisions\/573"}],"wp:attachment":[{"href":"https:\/\/deweme.nl\/restaurant\/wp-json\/wp\/v2\/media?parent=14"}],"curies":[{"name":"wp","href":"https:\/\/api.w.org\/{rel}","templated":true}]}}